{"id":1156,"date":"2023-04-02T00:51:11","date_gmt":"2023-04-02T00:51:11","guid":{"rendered":"https:\/\/learn.toonaerp.com\/?page_id=1156"},"modified":"2023-04-03T09:05:30","modified_gmt":"2023-04-03T09:05:30","slug":"exercice","status":"publish","type":"page","link":"https:\/\/learn.toonaerp.com\/index.php\/exercice\/","title":{"rendered":"Exercice"},"content":{"rendered":"\t\t<div data-elementor-type=\"wp-page\" data-elementor-id=\"1156\" class=\"elementor elementor-1156\">\n\t\t\t\t\t\t\t\t\t<section class=\"elementor-section elementor-top-section elementor-element elementor-element-460f0cc elementor-section-stretched elementor-section-boxed elementor-section-height-default elementor-section-height-default exad-glass-effect-no exad-sticky-section-no\" data-id=\"460f0cc\" data-element_type=\"section\" data-settings=\"{&quot;stretch_section&quot;:&quot;section-stretched&quot;}\">\n\t\t\t\t\t\t<div class=\"elementor-container elementor-column-gap-default\">\n\t\t\t\t\t<div class=\"elementor-column elementor-col-50 elementor-top-column elementor-element elementor-element-5c25cab exad-glass-effect-no exad-sticky-section-no\" data-id=\"5c25cab\" data-element_type=\"column\">\n\t\t\t<div class=\"elementor-widget-wrap elementor-element-populated\">\n\t\t\t\t\t\t\t\t<div class=\"elementor-element elementor-element-3421335 exad-sticky-section-no exad-glass-effect-no elementor-widget elementor-widget-image\" data-id=\"3421335\" data-element_type=\"widget\" data-widget_type=\"image.default\">\n\t\t\t\t<div class=\"elementor-widget-container\">\n\t\t\t<style>\/*! elementor - v3.8.1 - 13-11-2022 *\/\n.elementor-widget-image{text-align:center}.elementor-widget-image a{display:inline-block}.elementor-widget-image a img[src$=\".svg\"]{width:48px}.elementor-widget-image img{vertical-align:middle;display:inline-block}<\/style>\t\t\t\t\t\t\t\t\t\t\t\t<img decoding=\"async\" width=\"607\" height=\"610\" src=\"https:\/\/learn.toonaerp.com\/wp-content\/uploads\/2023\/04\/WhatsApp-Image-2023-04-03-at-10.56.11.jpeg\" class=\"attachment-large size-large\" alt=\"\" loading=\"lazy\" srcset=\"https:\/\/learn.toonaerp.com\/wp-content\/uploads\/2023\/04\/WhatsApp-Image-2023-04-03-at-10.56.11.jpeg 607w, https:\/\/learn.toonaerp.com\/wp-content\/uploads\/2023\/04\/WhatsApp-Image-2023-04-03-at-10.56.11-300x300.jpeg 300w, https:\/\/learn.toonaerp.com\/wp-content\/uploads\/2023\/04\/WhatsApp-Image-2023-04-03-at-10.56.11-150x150.jpeg 150w\" sizes=\"(max-width: 607px) 100vw, 607px\" \/>\t\t\t\t\t\t\t\t\t\t\t\t\t\t\t<\/div>\n\t\t\t\t<\/div>\n\t\t\t\t<div class=\"elementor-element elementor-element-e0b0c49 exad-sticky-section-no exad-glass-effect-no elementor-widget elementor-widget-heading\" data-id=\"e0b0c49\" data-element_type=\"widget\" data-widget_type=\"heading.default\">\n\t\t\t\t<div class=\"elementor-widget-container\">\n\t\t\t<style>\/*! elementor - v3.8.1 - 13-11-2022 *\/\n.elementor-heading-title{padding:0;margin:0;line-height:1}.elementor-widget-heading .elementor-heading-title[class*=elementor-size-]>a{color:inherit;font-size:inherit;line-height:inherit}.elementor-widget-heading .elementor-heading-title.elementor-size-small{font-size:15px}.elementor-widget-heading .elementor-heading-title.elementor-size-medium{font-size:19px}.elementor-widget-heading .elementor-heading-title.elementor-size-large{font-size:29px}.elementor-widget-heading .elementor-heading-title.elementor-size-xl{font-size:39px}.elementor-widget-heading .elementor-heading-title.elementor-size-xxl{font-size:59px}<\/style><h1 class=\"elementor-heading-title elementor-size-default\">IT support <\/h1>\t\t<\/div>\n\t\t\t\t<\/div>\n\t\t\t\t<div class=\"elementor-element elementor-element-9b8821c exad-sticky-section-no exad-glass-effect-no elementor-widget elementor-widget-heading\" data-id=\"9b8821c\" data-element_type=\"widget\" data-widget_type=\"heading.default\">\n\t\t\t\t<div class=\"elementor-widget-container\">\n\t\t\t<p class=\"elementor-heading-title elementor-size-default\">\n30, 31 avril de 8h30 \u00e0 17h00<\/p>\t\t<\/div>\n\t\t\t\t<\/div>\n\t\t\t\t<div class=\"elementor-element elementor-element-996bf9b exad-sticky-section-no exad-glass-effect-no elementor-widget elementor-widget-heading\" data-id=\"996bf9b\" data-element_type=\"widget\" data-widget_type=\"heading.default\">\n\t\t\t\t<div class=\"elementor-widget-container\">\n\t\t\t<p class=\"elementor-heading-title elementor-size-default\">Le lorem ipsum est, en imprimerie, une suite de mots sans signification utilis\u00e9e \u00e0 titre provisoire pour calibrer une mise en page, le texte d\u00e9finitif venant remplacer le faux-texte d\u00e8s qu'il est pr\u00eat ou que la mise en page est achev\u00e9e. G\u00e9n\u00e9ralement, on utilise un texte en faux latin, le Lorem ipsum ou Lipsum. <\/p>\t\t<\/div>\n\t\t\t\t<\/div>\n\t\t\t\t<div class=\"elementor-element elementor-element-675cf98 exad-sticky-section-no exad-glass-effect-no elementor-widget elementor-widget-heading\" data-id=\"675cf98\" data-element_type=\"widget\" data-widget_type=\"heading.default\">\n\t\t\t\t<div class=\"elementor-widget-container\">\n\t\t\t<p class=\"elementor-heading-title elementor-size-default\">Le lorem ipsum est, en imprimerie, une suite de mots sans signification utilis\u00e9e \u00e0 titre provisoire pour calibrer une mise en page, le texte d\u00e9finitif venant remplacer le faux-texte d\u00e8s qu'il est pr\u00eat ou que la mise en page est achev\u00e9e. G\u00e9n\u00e9ralement, on utilise un texte en faux latin, le Lorem ipsum ou Lipsum. <\/p>\t\t<\/div>\n\t\t\t\t<\/div>\n\t\t\t\t<div class=\"elementor-element elementor-element-e918d2a exad-sticky-section-no exad-glass-effect-no elementor-widget elementor-widget-heading\" data-id=\"e918d2a\" data-element_type=\"widget\" data-widget_type=\"heading.default\">\n\t\t\t\t<div class=\"elementor-widget-container\">\n\t\t\t<h2 class=\"elementor-heading-title elementor-size-default\">Objectifs d'apprentissage<\/h2>\t\t<\/div>\n\t\t\t\t<\/div>\n\t\t\t\t<div class=\"elementor-element elementor-element-ceae439 exad-sticky-section-no exad-glass-effect-no elementor-widget elementor-widget-heading\" data-id=\"ceae439\" data-element_type=\"widget\" data-widget_type=\"heading.default\">\n\t\t\t\t<div class=\"elementor-widget-container\">\n\t\t\t<p class=\"elementor-heading-title elementor-size-default\">Understanding what Kanban is and what it is not, its beginnings, the principles, and the practices\nAdopting a service-oriented mindset\nUnhiding hidden work (visualization)\nBalancing demand and capability\nUsing WIP limits to create a pull mechanism\nIdentifying Work Item Types and Classes of Services\nUsing flow metrics such as lead time, throughput, and WIP\nDealing with work interruption and multi-tasking\nLearning ticket design for visualization impact\nUsing metrics and charts to improve process and delivery\nDetermining what to start, what to defer, and what to drop\nLearning STATIK, the Systems Thinking Approach to Introducing Kanban, to design your own Kanban system via an engaging and interactive workshop<\/p>\t\t<\/div>\n\t\t\t\t<\/div>\n\t\t\t\t<div class=\"elementor-element elementor-element-808eb48 exad-sticky-section-no exad-glass-effect-no elementor-widget elementor-widget-heading\" data-id=\"808eb48\" data-element_type=\"widget\" data-widget_type=\"heading.default\">\n\t\t\t\t<div class=\"elementor-widget-container\">\n\t\t\t<h2 class=\"elementor-heading-title elementor-size-default\">Qui devrait suivre le cours ?<\/h2>\t\t<\/div>\n\t\t\t\t<\/div>\n\t\t\t\t<div class=\"elementor-element elementor-element-1285447 exad-sticky-section-no exad-glass-effect-no elementor-widget elementor-widget-heading\" data-id=\"1285447\" data-element_type=\"widget\" data-widget_type=\"heading.default\">\n\t\t\t\t<div class=\"elementor-widget-container\">\n\t\t\t<h2 class=\"elementor-heading-title elementor-size-default\">Le lorem ipsum est, en imprimerie, une suite de mots sans signification utilis\u00e9e \u00e0 titre provisoire pour calibrer une mise en page, le texte d\u00e9finitif venant remplacer le faux-texte d\u00e8s qu'il est pr\u00eat ou que la mise en page est achev\u00e9e. G\u00e9n\u00e9ralement, on utilise un texte en faux latin, le Lorem ipsum ou Lipsum. <\/h2>\t\t<\/div>\n\t\t\t\t<\/div>\n\t\t\t\t<div class=\"elementor-element elementor-element-fe9224b exad-sticky-section-no exad-glass-effect-no elementor-widget elementor-widget-heading\" data-id=\"fe9224b\" data-element_type=\"widget\" data-widget_type=\"heading.default\">\n\t\t\t\t<div class=\"elementor-widget-container\">\n\t\t\t<h2 class=\"elementor-heading-title elementor-size-default\">Formation en pr\u00e9sentiel <\/h2>\t\t<\/div>\n\t\t\t\t<\/div>\n\t\t\t\t<div class=\"elementor-element elementor-element-961275b exad-sticky-section-no exad-glass-effect-no elementor-widget elementor-widget-heading\" data-id=\"961275b\" data-element_type=\"widget\" data-widget_type=\"heading.default\">\n\t\t\t\t<div class=\"elementor-widget-container\">\n\t\t\t<h2 class=\"elementor-heading-title elementor-size-default\">Le lorem ipsum est, en imprimerie, une suite de mots sans signification utilis\u00e9e \u00e0 titre provisoire pour calibrer une mise en page, le texte d\u00e9finitif venant remplacer le faux-texte d\u00e8s qu'il<\/h2>\t\t<\/div>\n\t\t\t\t<\/div>\n\t\t\t\t<div class=\"elementor-element elementor-element-e82d34d exad-sticky-section-no exad-glass-effect-no elementor-widget elementor-widget-heading\" data-id=\"e82d34d\" data-element_type=\"widget\" data-widget_type=\"heading.default\">\n\t\t\t\t<div class=\"elementor-widget-container\">\n\t\t\t<h2 class=\"elementor-heading-title elementor-size-default\">A-propos du formateur <\/h2>\t\t<\/div>\n\t\t\t\t<\/div>\n\t\t\t\t<div class=\"elementor-element elementor-element-1041944 exad-sticky-section-no exad-glass-effect-no elementor-widget elementor-widget-image\" data-id=\"1041944\" data-element_type=\"widget\" data-widget_type=\"image.default\">\n\t\t\t\t<div class=\"elementor-widget-container\">\n\t\t\t\t\t\t\t\t\t\t\t\t\t\t\t<img decoding=\"async\" width=\"400\" height=\"400\" src=\"https:\/\/learn.toonaerp.com\/wp-content\/uploads\/2023\/03\/team_6-1.jpg\" class=\"attachment-large size-large\" alt=\"\" loading=\"lazy\" srcset=\"https:\/\/learn.toonaerp.com\/wp-content\/uploads\/2023\/03\/team_6-1.jpg 400w, https:\/\/learn.toonaerp.com\/wp-content\/uploads\/2023\/03\/team_6-1-300x300.jpg 300w, https:\/\/learn.toonaerp.com\/wp-content\/uploads\/2023\/03\/team_6-1-150x150.jpg 150w\" sizes=\"(max-width: 400px) 100vw, 400px\" \/>\t\t\t\t\t\t\t\t\t\t\t\t\t\t\t<\/div>\n\t\t\t\t<\/div>\n\t\t\t\t<div class=\"elementor-element elementor-element-6f0dec7 exad-sticky-section-no exad-glass-effect-no elementor-widget elementor-widget-heading\" data-id=\"6f0dec7\" data-element_type=\"widget\" data-widget_type=\"heading.default\">\n\t\t\t\t<div class=\"elementor-widget-container\">\n\t\t\t<h2 class=\"elementor-heading-title elementor-size-default\">Le lorem ipsum est, en imprimerie, une suite de mots sans signification utilis\u00e9e \u00e0 titre provisoire pour calibrer une mise en page, le texte d\u00e9finitif venant remplacer le faux-texte d\u00e8s qu'il<\/h2>\t\t<\/div>\n\t\t\t\t<\/div>\n\t\t\t\t\t<\/div>\n\t\t<\/div>\n\t\t\t\t<div class=\"elementor-column elementor-col-50 elementor-top-column elementor-element elementor-element-f39243c exad-glass-effect-no exad-sticky-section-no\" data-id=\"f39243c\" data-element_type=\"column\">\n\t\t\t<div class=\"elementor-widget-wrap\">\n\t\t\t\t\t\t\t\t\t<\/div>\n\t\t<\/div>\n\t\t\t\t\t\t\t<\/div>\n\t\t<\/section>\n\t\t\t\t\t\t\t<\/div>\n\t\t","protected":false},"excerpt":{"rendered":"<p>IT support 30, 31 avril de 8h30 \u00e0 17h00 Le lorem ipsum est, en imprimerie, une suite de mots sans signification utilis\u00e9e \u00e0 titre provisoire pour calibrer une mise en page, le texte d\u00e9finitif venant remplacer le faux-texte d\u00e8s qu&rsquo;il est pr\u00eat ou que la mise en page est achev\u00e9e. G\u00e9n\u00e9ralement, on utilise un texte [&hellip;]<\/p>\n","protected":false},"author":1,"featured_media":0,"parent":0,"menu_order":0,"comment_status":"closed","ping_status":"closed","template":"","meta":{"om_disable_all_campaigns":false,"_mi_skip_tracking":false},"aioseo_notices":[],"_links":{"self":[{"href":"https:\/\/learn.toonaerp.com\/index.php\/wp-json\/wp\/v2\/pages\/1156"}],"collection":[{"href":"https:\/\/learn.toonaerp.com\/index.php\/wp-json\/wp\/v2\/pages"}],"about":[{"href":"https:\/\/learn.toonaerp.com\/index.php\/wp-json\/wp\/v2\/types\/page"}],"author":[{"embeddable":true,"href":"https:\/\/learn.toonaerp.com\/index.php\/wp-json\/wp\/v2\/users\/1"}],"replies":[{"embeddable":true,"href":"https:\/\/learn.toonaerp.com\/index.php\/wp-json\/wp\/v2\/comments?post=1156"}],"version-history":[{"count":17,"href":"https:\/\/learn.toonaerp.com\/index.php\/wp-json\/wp\/v2\/pages\/1156\/revisions"}],"predecessor-version":[{"id":1197,"href":"https:\/\/learn.toonaerp.com\/index.php\/wp-json\/wp\/v2\/pages\/1156\/revisions\/1197"}],"wp:attachment":[{"href":"https:\/\/learn.toonaerp.com\/index.php\/wp-json\/wp\/v2\/media?parent=1156"}],"curies":[{"name":"wp","href":"https:\/\/api.w.org\/{rel}","templated":true}]}}